{"id":19378,"date":"2019-09-30T14:20:09","date_gmt":"2019-09-30T12:20:09","guid":{"rendered":"https:\/\/www.komad.com\/product\/jumper-red-3\/"},"modified":"2022-12-07T15:25:10","modified_gmt":"2022-12-07T14:25:10","slug":"pullover-rot","status":"publish","type":"product","link":"https:\/\/www.komad.com\/de\/product\/pullover-rot\/","title":{"rendered":"Pullover rot"},"content":{"rendered":"<p>\/ L\u00e4nge Vorne (vom h\u00f6chsten Punkt der Schulter): 70cm<br \/>\n\/ \u00c4rmel (vom h\u00f6chsten Punkt der Schulter): 60cm<\/p>\n","protected":false},"excerpt":{"rendered":"<p>Oversized (\u00fcbergrosses) Pullover aus einem Baumwoll-Polyester-Mix mit \u00fcberschnittenen Schultern und weiten \u00c4rmeln. Kann wie eine Tunika oder hoch gezogen als T- Shirt getragen werden.<\/p>\n<p>GR\u00f6SSE: einheitsgr\u00f6sse (36-40)<br \/>\nFARBE: rot<br \/>\nMATERIAL: 67% Baumwolle, 33%PES<\/p>\n","protected":false},"featured_media":19379,"comment_status":"closed","ping_status":"closed","template":"","meta":[],"product_brand":[],"product_cat":[204,209],"product_tag":[],"class_list":{"0":"post-19378","1":"product","2":"type-product","3":"status-publish","4":"has-post-thumbnail","6":"product_cat-kleidung","7":"product_cat-strick","9":"first","10":"instock","11":"taxable","12":"shipping-taxable","13":"purchasable","14":"product-type-simple"},"_links":{"self":[{"href":"https:\/\/www.komad.com\/de\/wp-json\/wp\/v2\/product\/19378","targetHints":{"allow":["GET"]}}],"collection":[{"href":"https:\/\/www.komad.com\/de\/wp-json\/wp\/v2\/product"}],"about":[{"href":"https:\/\/www.komad.com\/de\/wp-json\/wp\/v2\/types\/product"}],"replies":[{"embeddable":true,"href":"https:\/\/www.komad.com\/de\/wp-json\/wp\/v2\/comments?post=19378"}],"wp:featuredmedia":[{"embeddable":true,"href":"https:\/\/www.komad.com\/de\/wp-json\/wp\/v2\/media\/19379"}],"wp:attachment":[{"href":"https:\/\/www.komad.com\/de\/wp-json\/wp\/v2\/media?parent=19378"}],"wp:term":[{"taxonomy":"product_brand","embeddable":true,"href":"https:\/\/www.komad.com\/de\/wp-json\/wp\/v2\/product_brand?post=19378"},{"taxonomy":"product_cat","embeddable":true,"href":"https:\/\/www.komad.com\/de\/wp-json\/wp\/v2\/product_cat?post=19378"},{"taxonomy":"product_tag","embeddable":true,"href":"https:\/\/www.komad.com\/de\/wp-json\/wp\/v2\/product_tag?post=19378"}],"curies":[{"name":"wp","href":"https:\/\/api.w.org\/{rel}","templated":true}]}}