{"id":19356,"date":"2019-09-30T19:41:21","date_gmt":"2019-09-30T17:41:21","guid":{"rendered":"https:\/\/www.komad.com\/product\/jumpsuit-diva\/"},"modified":"2020-12-23T13:09:36","modified_gmt":"2020-12-23T12:09:36","slug":"overall-diva-rot","status":"publish","type":"product","link":"https:\/\/www.komad.com\/de\/product\/overall-diva-rot\/","title":{"rendered":"Overall DIVA"},"content":{"rendered":"<p>\/ L\u00e4nge von h\u00f6chsten Schulterpunkt: 150cm<br \/>\n\/ Schritt L\u00e4nge: 79cm<br \/>\n\/ Beine L\u00e4nge (von H\u00fcften runter): 110cm<br \/>\n\/ Taille max.: 96 cm<br \/>\n\/ H\u00fcfte: 112cm<\/p>\n","protected":false},"excerpt":{"rendered":"<p>&#8218;Diva&#8216; ist en \u00e4rmelloser Overall mit Wrapover vorne und hinten. Der abnehmbare Schn\u00fcrg\u00fcrtel erm\u00f6glicht es dir, die Breite des Overalles im Taillenbereich zu regulieren. Er kann einzeln oder zu einem T-Shirt, Rollkragenpulli oder einer s\u00fc\u00dfen Bluse getragen werden.<br \/>\nDieser Overall wird deine Beine sicherlich l\u00e4nger aussehen lassen!<\/p>\n<p>GR\u00f6SSE: einheitsgr\u00f6sse (36-40)<br \/>\nFARBE: rot<br \/>\nMATERIAL: 55% Leinen, 45% Viskose<\/p>\n","protected":false},"featured_media":19357,"comment_status":"closed","ping_status":"closed","template":"","meta":[],"product_brand":[],"product_cat":[204,210],"product_tag":[],"class_list":{"0":"post-19356","1":"product","2":"type-product","3":"status-publish","4":"has-post-thumbnail","6":"product_cat-kleidung","7":"product_cat-overalls","9":"first","10":"instock","11":"taxable","12":"shipping-taxable","13":"purchasable","14":"product-type-simple"},"_links":{"self":[{"href":"https:\/\/www.komad.com\/de\/wp-json\/wp\/v2\/product\/19356","targetHints":{"allow":["GET"]}}],"collection":[{"href":"https:\/\/www.komad.com\/de\/wp-json\/wp\/v2\/product"}],"about":[{"href":"https:\/\/www.komad.com\/de\/wp-json\/wp\/v2\/types\/product"}],"replies":[{"embeddable":true,"href":"https:\/\/www.komad.com\/de\/wp-json\/wp\/v2\/comments?post=19356"}],"wp:featuredmedia":[{"embeddable":true,"href":"https:\/\/www.komad.com\/de\/wp-json\/wp\/v2\/media\/19357"}],"wp:attachment":[{"href":"https:\/\/www.komad.com\/de\/wp-json\/wp\/v2\/media?parent=19356"}],"wp:term":[{"taxonomy":"product_brand","embeddable":true,"href":"https:\/\/www.komad.com\/de\/wp-json\/wp\/v2\/product_brand?post=19356"},{"taxonomy":"product_cat","embeddable":true,"href":"https:\/\/www.komad.com\/de\/wp-json\/wp\/v2\/product_cat?post=19356"},{"taxonomy":"product_tag","embeddable":true,"href":"https:\/\/www.komad.com\/de\/wp-json\/wp\/v2\/product_tag?post=19356"}],"curies":[{"name":"wp","href":"https:\/\/api.w.org\/{rel}","templated":true}]}}