{"id":19339,"date":"2019-09-30T19:54:41","date_gmt":"2019-09-30T17:54:41","guid":{"rendered":"https:\/\/www.komad.com\/product\/top-allure\/"},"modified":"2020-12-23T13:02:25","modified_gmt":"2020-12-23T12:02:25","slug":"top-allure-rot","status":"publish","type":"product","link":"https:\/\/www.komad.com\/de\/product\/top-allure-rot\/","title":{"rendered":"Top ALLURE"},"content":{"rendered":"<p>\/ L\u00e4nge Vorne (vom h\u00f6chsten Punkt der Schulter): 58cm<br \/>\n\/ Hinten (vom h\u00f6chsten Punkt der Schulter): 66cm<br \/>\n\/ Schulter: 40cm<br \/>\n\/ Brustumfang: 105cm<br \/>\n\/ Arml\u00e4nge ab dem h\u00f6chsten Schulterpunkt: 23cm<\/p>\n","protected":false},"excerpt":{"rendered":"<p>Bluse mit V-Ausschnitt, welche vorne k\u00fcrzer und hinten l\u00e4nger ist. Kurze \u00c4rmel k\u00f6nnen zu einer k\u00fcrzeren oder l\u00e4ngeren Version gerollt werden.<\/p>\n<p>GR\u00f6SSE: einheitsgr\u00f6sse (36-38)<br \/>\nFARBE: rot<br \/>\nMATERIAL: 55%Leinen, 45% Viskose<\/p>\n","protected":false},"featured_media":19340,"comment_status":"closed","ping_status":"closed","template":"","meta":[],"product_brand":[],"product_cat":[204,206],"product_tag":[],"class_list":{"0":"post-19339","1":"product","2":"type-product","3":"status-publish","4":"has-post-thumbnail","6":"product_cat-kleidung","7":"product_cat-oberteile-de","9":"first","10":"instock","11":"taxable","12":"shipping-taxable","13":"purchasable","14":"product-type-simple"},"_links":{"self":[{"href":"https:\/\/www.komad.com\/de\/wp-json\/wp\/v2\/product\/19339","targetHints":{"allow":["GET"]}}],"collection":[{"href":"https:\/\/www.komad.com\/de\/wp-json\/wp\/v2\/product"}],"about":[{"href":"https:\/\/www.komad.com\/de\/wp-json\/wp\/v2\/types\/product"}],"replies":[{"embeddable":true,"href":"https:\/\/www.komad.com\/de\/wp-json\/wp\/v2\/comments?post=19339"}],"wp:featuredmedia":[{"embeddable":true,"href":"https:\/\/www.komad.com\/de\/wp-json\/wp\/v2\/media\/19340"}],"wp:attachment":[{"href":"https:\/\/www.komad.com\/de\/wp-json\/wp\/v2\/media?parent=19339"}],"wp:term":[{"taxonomy":"product_brand","embeddable":true,"href":"https:\/\/www.komad.com\/de\/wp-json\/wp\/v2\/product_brand?post=19339"},{"taxonomy":"product_cat","embeddable":true,"href":"https:\/\/www.komad.com\/de\/wp-json\/wp\/v2\/product_cat?post=19339"},{"taxonomy":"product_tag","embeddable":true,"href":"https:\/\/www.komad.com\/de\/wp-json\/wp\/v2\/product_tag?post=19339"}],"curies":[{"name":"wp","href":"https:\/\/api.w.org\/{rel}","templated":true}]}}