{"id":19228,"date":"2020-04-10T10:01:21","date_gmt":"2020-04-10T08:01:21","guid":{"rendered":"https:\/\/www.komad.com\/product\/top-grace-black\/"},"modified":"2020-12-23T12:14:45","modified_gmt":"2020-12-23T11:14:45","slug":"top-grace-schwarz","status":"publish","type":"product","link":"https:\/\/www.komad.com\/de\/product\/top-grace-schwarz\/","title":{"rendered":"Top GRACE schwarz"},"content":{"rendered":"<p>\/ L\u00e4nge am h\u00f6chsten Schulterpunkt: 56 cm<br \/>\n\/ Brustumfang: 92 cm<\/p>\n","protected":false},"excerpt":{"rendered":"<p>Kurzes Top ohne \u00c4rmel aus Schwarzem Viscose Material.<br \/>\nDas Material ist sehr weich und superbequem!<br \/>\nMit Bander in Sch\u00fcltebereich l\u00e4sst sich die L\u00e4nge von Top und Ausschnitt nach w\u00fcnsch erstellen.<\/p>\n<p>GR\u00f6SSE: einheitsgr\u00f6sse (36-40)<br \/>\nFARBE: schwarz<br \/>\nMATERIAL: 100% Viskose<\/p>\n","protected":false},"featured_media":19229,"comment_status":"open","ping_status":"closed","template":"","meta":[],"product_brand":[],"product_cat":[204,206],"product_tag":[219,225],"class_list":{"0":"post-19228","1":"product","2":"type-product","3":"status-publish","4":"has-post-thumbnail","6":"product_cat-kleidung","7":"product_cat-oberteile-de","8":"product_tag-komad-de","9":"product_tag-top-de","11":"first","12":"instock","13":"taxable","14":"shipping-taxable","15":"purchasable","16":"product-type-simple"},"_links":{"self":[{"href":"https:\/\/www.komad.com\/de\/wp-json\/wp\/v2\/product\/19228","targetHints":{"allow":["GET"]}}],"collection":[{"href":"https:\/\/www.komad.com\/de\/wp-json\/wp\/v2\/product"}],"about":[{"href":"https:\/\/www.komad.com\/de\/wp-json\/wp\/v2\/types\/product"}],"replies":[{"embeddable":true,"href":"https:\/\/www.komad.com\/de\/wp-json\/wp\/v2\/comments?post=19228"}],"wp:featuredmedia":[{"embeddable":true,"href":"https:\/\/www.komad.com\/de\/wp-json\/wp\/v2\/media\/19229"}],"wp:attachment":[{"href":"https:\/\/www.komad.com\/de\/wp-json\/wp\/v2\/media?parent=19228"}],"wp:term":[{"taxonomy":"product_brand","embeddable":true,"href":"https:\/\/www.komad.com\/de\/wp-json\/wp\/v2\/product_brand?post=19228"},{"taxonomy":"product_cat","embeddable":true,"href":"https:\/\/www.komad.com\/de\/wp-json\/wp\/v2\/product_cat?post=19228"},{"taxonomy":"product_tag","embeddable":true,"href":"https:\/\/www.komad.com\/de\/wp-json\/wp\/v2\/product_tag?post=19228"}],"curies":[{"name":"wp","href":"https:\/\/api.w.org\/{rel}","templated":true}]}}