{"id":19214,"date":"2020-04-10T10:08:08","date_gmt":"2020-04-10T08:08:08","guid":{"rendered":"https:\/\/www.komad.com\/product\/top-grace-leo\/"},"modified":"2022-03-16T12:10:12","modified_gmt":"2022-03-16T11:10:12","slug":"top-grace-leo-2","status":"publish","type":"product","link":"https:\/\/www.komad.com\/de\/product\/top-grace-leo-2\/","title":{"rendered":"Top GRACE leo"},"content":{"rendered":"<p>\/ L\u00e4nge am h\u00f6chsten Schulterpunkt: 56 cm<br \/>\n\/ Brustumfang: 92 cm<\/p>\n","protected":false},"excerpt":{"rendered":"<p>Kurzes Top ohne \u00c4rmel aus Leo-Print Material, mit interessantem Bord\u00fcrendruck.<br \/>\nDas Material ist sehr weich und superbequem!<br \/>\nMit Bander in Sch\u00fcltebereich l\u00e4sst sich die L\u00e4nge von Top und Ausschnitt nach w\u00fcnsch erstellen.<\/p>\n<p>GR\u00f6SSE: einheitsgr\u00f6sse (36-40)<br \/>\nFARBE: schwarz-beige Leo Print<br \/>\nMATERIAL: 46% Viskose, 54% Rayon<\/p>\n","protected":false},"featured_media":19215,"comment_status":"open","ping_status":"closed","template":"","meta":[],"product_brand":[],"product_cat":[204,206],"product_tag":[219,225],"class_list":{"0":"post-19214","1":"product","2":"type-product","3":"status-publish","4":"has-post-thumbnail","6":"product_cat-kleidung","7":"product_cat-oberteile-de","8":"product_tag-komad-de","9":"product_tag-top-de","11":"first","12":"instock","13":"taxable","14":"shipping-taxable","15":"purchasable","16":"product-type-simple"},"_links":{"self":[{"href":"https:\/\/www.komad.com\/de\/wp-json\/wp\/v2\/product\/19214","targetHints":{"allow":["GET"]}}],"collection":[{"href":"https:\/\/www.komad.com\/de\/wp-json\/wp\/v2\/product"}],"about":[{"href":"https:\/\/www.komad.com\/de\/wp-json\/wp\/v2\/types\/product"}],"replies":[{"embeddable":true,"href":"https:\/\/www.komad.com\/de\/wp-json\/wp\/v2\/comments?post=19214"}],"wp:featuredmedia":[{"embeddable":true,"href":"https:\/\/www.komad.com\/de\/wp-json\/wp\/v2\/media\/19215"}],"wp:attachment":[{"href":"https:\/\/www.komad.com\/de\/wp-json\/wp\/v2\/media?parent=19214"}],"wp:term":[{"taxonomy":"product_brand","embeddable":true,"href":"https:\/\/www.komad.com\/de\/wp-json\/wp\/v2\/product_brand?post=19214"},{"taxonomy":"product_cat","embeddable":true,"href":"https:\/\/www.komad.com\/de\/wp-json\/wp\/v2\/product_cat?post=19214"},{"taxonomy":"product_tag","embeddable":true,"href":"https:\/\/www.komad.com\/de\/wp-json\/wp\/v2\/product_tag?post=19214"}],"curies":[{"name":"wp","href":"https:\/\/api.w.org\/{rel}","templated":true}]}}