{"id":19170,"date":"2020-04-10T10:32:06","date_gmt":"2020-04-10T08:32:06","guid":{"rendered":"https:\/\/www.komad.com\/product\/dress-dance-leo\/"},"modified":"2020-12-23T12:21:24","modified_gmt":"2020-12-23T11:21:24","slug":"dress-dance-leo-2","status":"publish","type":"product","link":"https:\/\/www.komad.com\/de\/product\/dress-dance-leo-2\/","title":{"rendered":"Dress DANCE leo"},"content":{"rendered":"<p>\/ L\u00e4nge am h\u00f6chsten Schulterpunkt: 125 cm<br \/>\n\/ Brustumfang: 100 cm<br \/>\n\/ Taille: 110 cm<br \/>\n\/ H\u00fcfte: 130 cm<\/p>\n","protected":false},"excerpt":{"rendered":"<p>Mittellanges Kleid ohne \u00c4rmel, aus Leo-Print Material, mit interessantem Bord\u00fcrendruck.<br \/>\nDas Material ist sehr weich und superbequem!<br \/>\nDas Kleid hat Seitentaschen. Mit Bander in Sch\u00fcltebereich l\u00e4sst sich die L\u00e4nge von Kleid und Ausschnitt nach w\u00fcnsch erstellen.<\/p>\n<p>GR\u00f6SSE: einheitsgr\u00f6sse (36-40)<br \/>\nFARBE: schwarz-beige Leo Print<br \/>\nMATERIAL: 46% Viskose, 54% Rayon<\/p>\n","protected":false},"featured_media":19171,"comment_status":"open","ping_status":"closed","template":"","meta":[],"product_brand":[],"product_cat":[205,204],"product_tag":[220,219],"class_list":{"0":"post-19170","1":"product","2":"type-product","3":"status-publish","4":"has-post-thumbnail","6":"product_cat-kleider","7":"product_cat-kleidung","8":"product_tag-dress-de","9":"product_tag-komad-de","11":"first","12":"instock","13":"taxable","14":"shipping-taxable","15":"purchasable","16":"product-type-simple"},"_links":{"self":[{"href":"https:\/\/www.komad.com\/de\/wp-json\/wp\/v2\/product\/19170","targetHints":{"allow":["GET"]}}],"collection":[{"href":"https:\/\/www.komad.com\/de\/wp-json\/wp\/v2\/product"}],"about":[{"href":"https:\/\/www.komad.com\/de\/wp-json\/wp\/v2\/types\/product"}],"replies":[{"embeddable":true,"href":"https:\/\/www.komad.com\/de\/wp-json\/wp\/v2\/comments?post=19170"}],"wp:featuredmedia":[{"embeddable":true,"href":"https:\/\/www.komad.com\/de\/wp-json\/wp\/v2\/media\/19171"}],"wp:attachment":[{"href":"https:\/\/www.komad.com\/de\/wp-json\/wp\/v2\/media?parent=19170"}],"wp:term":[{"taxonomy":"product_brand","embeddable":true,"href":"https:\/\/www.komad.com\/de\/wp-json\/wp\/v2\/product_brand?post=19170"},{"taxonomy":"product_cat","embeddable":true,"href":"https:\/\/www.komad.com\/de\/wp-json\/wp\/v2\/product_cat?post=19170"},{"taxonomy":"product_tag","embeddable":true,"href":"https:\/\/www.komad.com\/de\/wp-json\/wp\/v2\/product_tag?post=19170"}],"curies":[{"name":"wp","href":"https:\/\/api.w.org\/{rel}","templated":true}]}}