{"id":19148,"date":"2020-04-10T10:40:23","date_gmt":"2020-04-10T08:40:23","guid":{"rendered":"https:\/\/www.komad.com\/product\/dress-joy-leo-2\/"},"modified":"2020-12-23T12:23:04","modified_gmt":"2020-12-23T11:23:04","slug":"dress-joy-leo","status":"publish","type":"product","link":"https:\/\/www.komad.com\/de\/product\/dress-joy-leo\/","title":{"rendered":"Dress JOY leo"},"content":{"rendered":"<p>\/ L\u00e4nge am h\u00f6chsten Schulterpunkt: 90 cm<br \/>\n\/ Arml\u00e4nge ab dem h\u00f6chsten Schulterpunkt: 49 cm<br \/>\n\/ Taille max. 96 cm<br \/>\n\/ H\u00fcfte max. 130 cm<\/p>\n","protected":false},"excerpt":{"rendered":"<p>Kurzes Wickelkleid mit 3\/4-\u00c4rmeln aus Leo-Print Material, mit interessantem Bord\u00fcrendruck.<br \/>\nDas Material ist sehr weich und superbequem! Kommt mit schwarzem Bindeg\u00fcrtel, der es Ihnen erm\u00f6glicht, das Kleid zu schlie\u00dfen und die Weite im Taillenbereich zu kontrollieren.<br \/>\nDas Kleid hat Seitentaschen, Wickelfront, und es wird Sie hinrei\u00dfend aussehen lassen, versprochen!<br \/>\nExtra-Tipp: Sie k\u00f6nnen es auch offen tragen, als l\u00e4ssige, lange Jacke!<\/p>\n<p>GR\u00f6SSE: einheitsgr\u00f6sse (36-40)<br \/>\nFARBE: schwarz-beige Leo Print<br \/>\nMATERIAL: 46% Viskose, 54% Rayon<\/p>\n","protected":false},"featured_media":19149,"comment_status":"open","ping_status":"closed","template":"","meta":[],"product_brand":[],"product_cat":[205,204],"product_tag":[220,219],"class_list":{"0":"post-19148","1":"product","2":"type-product","3":"status-publish","4":"has-post-thumbnail","6":"product_cat-kleider","7":"product_cat-kleidung","8":"product_tag-dress-de","9":"product_tag-komad-de","11":"first","12":"instock","13":"taxable","14":"shipping-taxable","15":"purchasable","16":"product-type-simple"},"_links":{"self":[{"href":"https:\/\/www.komad.com\/de\/wp-json\/wp\/v2\/product\/19148","targetHints":{"allow":["GET"]}}],"collection":[{"href":"https:\/\/www.komad.com\/de\/wp-json\/wp\/v2\/product"}],"about":[{"href":"https:\/\/www.komad.com\/de\/wp-json\/wp\/v2\/types\/product"}],"replies":[{"embeddable":true,"href":"https:\/\/www.komad.com\/de\/wp-json\/wp\/v2\/comments?post=19148"}],"wp:featuredmedia":[{"embeddable":true,"href":"https:\/\/www.komad.com\/de\/wp-json\/wp\/v2\/media\/19149"}],"wp:attachment":[{"href":"https:\/\/www.komad.com\/de\/wp-json\/wp\/v2\/media?parent=19148"}],"wp:term":[{"taxonomy":"product_brand","embeddable":true,"href":"https:\/\/www.komad.com\/de\/wp-json\/wp\/v2\/product_brand?post=19148"},{"taxonomy":"product_cat","embeddable":true,"href":"https:\/\/www.komad.com\/de\/wp-json\/wp\/v2\/product_cat?post=19148"},{"taxonomy":"product_tag","embeddable":true,"href":"https:\/\/www.komad.com\/de\/wp-json\/wp\/v2\/product_tag?post=19148"}],"curies":[{"name":"wp","href":"https:\/\/api.w.org\/{rel}","templated":true}]}}