{"id":19127,"date":"2020-04-10T10:50:05","date_gmt":"2020-04-10T08:50:05","guid":{"rendered":"https:\/\/www.komad.com\/product\/jumpsuit-fierce-leo-2\/"},"modified":"2021-03-12T11:32:21","modified_gmt":"2021-03-12T10:32:21","slug":"jumpsuit-fierce-leo","status":"publish","type":"product","link":"https:\/\/www.komad.com\/de\/product\/jumpsuit-fierce-leo\/","title":{"rendered":"Jumpsuit FIERCE leo"},"content":{"rendered":"<p>\/ L\u00e4nge von h\u00f6chsten Schulterpunkt (einstellbar): min.125cm<br \/>\n\/ Brustumfang: 96cm<br \/>\n\/ Taille Umfang: 98 cm<br \/>\n\/ H\u00fcfte Umfang: 110cm<\/p>\n","protected":false},"excerpt":{"rendered":"<p>Mittel L\u00e4nge Overall ohne \u00c4rmel aus Leo-Print Material, mit interessantem Bord\u00fcrendruck.<br \/>\nDas Material ist sehr weich und superbequem! Overall hat Taschen an Seiten.<br \/>\nMit Bander in Sch\u00fcltebereich l\u00e4sst sich die L\u00e4nge von Jumpsuit und Ausschnitt nach w\u00fcnsch erstellen.<\/p>\n<p>GR\u00f6SSE: einheitsgr\u00f6sse (36-40)<br \/>\nFARBE: schwarz-beige Leo Print<br \/>\nMATERIAL: 46% Viskose, 54% Rayon<\/p>\n","protected":false},"featured_media":19128,"comment_status":"open","ping_status":"closed","template":"","meta":[],"product_brand":[],"product_cat":[204,210],"product_tag":[224,219],"class_list":{"0":"post-19127","1":"product","2":"type-product","3":"status-publish","4":"has-post-thumbnail","6":"product_cat-kleidung","7":"product_cat-overalls","8":"product_tag-jumpsuit-de","9":"product_tag-komad-de","11":"first","12":"instock","13":"taxable","14":"shipping-taxable","15":"purchasable","16":"product-type-simple"},"_links":{"self":[{"href":"https:\/\/www.komad.com\/de\/wp-json\/wp\/v2\/product\/19127","targetHints":{"allow":["GET"]}}],"collection":[{"href":"https:\/\/www.komad.com\/de\/wp-json\/wp\/v2\/product"}],"about":[{"href":"https:\/\/www.komad.com\/de\/wp-json\/wp\/v2\/types\/product"}],"replies":[{"embeddable":true,"href":"https:\/\/www.komad.com\/de\/wp-json\/wp\/v2\/comments?post=19127"}],"wp:featuredmedia":[{"embeddable":true,"href":"https:\/\/www.komad.com\/de\/wp-json\/wp\/v2\/media\/19128"}],"wp:attachment":[{"href":"https:\/\/www.komad.com\/de\/wp-json\/wp\/v2\/media?parent=19127"}],"wp:term":[{"taxonomy":"product_brand","embeddable":true,"href":"https:\/\/www.komad.com\/de\/wp-json\/wp\/v2\/product_brand?post=19127"},{"taxonomy":"product_cat","embeddable":true,"href":"https:\/\/www.komad.com\/de\/wp-json\/wp\/v2\/product_cat?post=19127"},{"taxonomy":"product_tag","embeddable":true,"href":"https:\/\/www.komad.com\/de\/wp-json\/wp\/v2\/product_tag?post=19127"}],"curies":[{"name":"wp","href":"https:\/\/api.w.org\/{rel}","templated":true}]}}