{"id":19087,"date":"2020-04-10T11:24:31","date_gmt":"2020-04-10T09:24:31","guid":{"rendered":"https:\/\/www.komad.com\/product\/blazer-black-2\/"},"modified":"2020-12-23T11:54:23","modified_gmt":"2020-12-23T10:54:23","slug":"blazer-schwarz","status":"publish","type":"product","link":"https:\/\/www.komad.com\/de\/product\/blazer-schwarz\/","title":{"rendered":"Blazer schwarz"},"content":{"rendered":"<p>\/ L\u00e4nge am h\u00f6chsten Schulterpunkt: 76 cm<br \/>\n\/ Schulter Breite: 41cm<br \/>\n\/ Arml\u00e4nge ab dem h\u00f6chsten Schulterpunkt: 59 cm<\/p>\n","protected":false},"excerpt":{"rendered":"<p>Oversized (\u00fcbergro\u00df), vorne offener Blazer mit breitem, gekerbten Revers.<br \/>\nDieser entspannt sitzende Blazer kann zu Jeans f\u00fcr den l\u00e4ssigen Alltagslook oder zu Anzugshosen f\u00fcr den stilvollen B\u00fcrolook getragen werden. Er hat zwei Seitentaschen mit Revers, und das Innenfutter besteht aus 100% Viskose-Material (in dunkelblau). Er wird mit einem breiten Bindeg\u00fcrtel geliefert, so dass Sie ihn auch geschlossen und im Taillenbereich gebunden tragen k\u00f6nnen.<br \/>\nExtra-Tipp: Er passt perfekt zu den KOMAD BOW-Hosen!<\/p>\n<p>GR\u00f6SSE: einheitsgr\u00f6sse (36-40)<br \/>\nFARBE: schwarz<br \/>\nMATERIAL: 55% Leinen, 45% Viskose<br \/>\nFUTTER: 100% Viskose-Material (in dunkelblau)<\/p>\n","protected":false},"featured_media":24121,"comment_status":"open","ping_status":"closed","template":"","meta":[],"product_brand":[],"product_cat":[208,204],"product_tag":[223,219],"class_list":{"0":"post-19087","1":"product","2":"type-product","3":"status-publish","4":"has-post-thumbnail","6":"product_cat-jacken-maentel","7":"product_cat-kleidung","8":"product_tag-blazer-de","9":"product_tag-komad-de","11":"first","12":"outofstock","13":"taxable","14":"shipping-taxable","15":"purchasable","16":"product-type-simple"},"_links":{"self":[{"href":"https:\/\/www.komad.com\/de\/wp-json\/wp\/v2\/product\/19087","targetHints":{"allow":["GET"]}}],"collection":[{"href":"https:\/\/www.komad.com\/de\/wp-json\/wp\/v2\/product"}],"about":[{"href":"https:\/\/www.komad.com\/de\/wp-json\/wp\/v2\/types\/product"}],"replies":[{"embeddable":true,"href":"https:\/\/www.komad.com\/de\/wp-json\/wp\/v2\/comments?post=19087"}],"wp:featuredmedia":[{"embeddable":true,"href":"https:\/\/www.komad.com\/de\/wp-json\/wp\/v2\/media\/24121"}],"wp:attachment":[{"href":"https:\/\/www.komad.com\/de\/wp-json\/wp\/v2\/media?parent=19087"}],"wp:term":[{"taxonomy":"product_brand","embeddable":true,"href":"https:\/\/www.komad.com\/de\/wp-json\/wp\/v2\/product_brand?post=19087"},{"taxonomy":"product_cat","embeddable":true,"href":"https:\/\/www.komad.com\/de\/wp-json\/wp\/v2\/product_cat?post=19087"},{"taxonomy":"product_tag","embeddable":true,"href":"https:\/\/www.komad.com\/de\/wp-json\/wp\/v2\/product_tag?post=19087"}],"curies":[{"name":"wp","href":"https:\/\/api.w.org\/{rel}","templated":true}]}}