{"id":18983,"date":"2020-04-10T11:07:46","date_gmt":"2020-04-10T09:07:46","guid":{"rendered":"https:\/\/www.komad.com\/product\/dress-classy-leo-2\/"},"modified":"2020-12-23T12:03:12","modified_gmt":"2020-12-23T11:03:12","slug":"klaid-classy-leo","status":"publish","type":"product","link":"https:\/\/www.komad.com\/de\/product\/klaid-classy-leo\/","title":{"rendered":"Klaid CLASSY leo"},"content":{"rendered":"<p>\/ L\u00e4nge am h\u00f6chsten Schulterpunkt: 125 cm<br \/>\n\/ Arml\u00e4nge ab dem h\u00f6chsten Schulterpunkt: 49 cm<br \/>\n\/ Taille max. 96 cm<br \/>\n\/ H\u00fcfte max. 130 cm<\/p>\n","protected":false},"excerpt":{"rendered":"<p>Mittellanges Wickelkleid mit 3\/4-\u00c4rmeln aus Leo-Print Material, mit interessantem Bord\u00fcrendruck.<br \/>\nDas Material ist sehr weich und superbequem! Kommt mit schwarzem Bindeg\u00fcrtel, der es Ihnen erm\u00f6glicht, das Kleid zu schlie\u00dfen und die Weite im Taillenbereich zu kontrollieren.<br \/>\nDas Kleid hat Seitentaschen, Wickelfront, und es wird Sie hinrei\u00dfend aussehen lassen, versprochen!<br \/>\nExtra-Tipp: Sie k\u00f6nnen es auch offen tragen, als l\u00e4ssige, lange Jacke!<\/p>\n<p>GR\u00f6SSE: einheitsgr\u00f6sse (36-40)<br \/>\nFARBE: schwarz-beige Leo Print<br \/>\nMATERIAL: 46% Viskose, 54% Rayon<\/p>\n","protected":false},"featured_media":18984,"comment_status":"open","ping_status":"closed","template":"","meta":[],"product_brand":[],"product_cat":[205,204],"product_tag":[220,219],"class_list":{"0":"post-18983","1":"product","2":"type-product","3":"status-publish","4":"has-post-thumbnail","6":"product_cat-kleider","7":"product_cat-kleidung","8":"product_tag-dress-de","9":"product_tag-komad-de","11":"first","12":"instock","13":"taxable","14":"shipping-taxable","15":"purchasable","16":"product-type-simple"},"_links":{"self":[{"href":"https:\/\/www.komad.com\/de\/wp-json\/wp\/v2\/product\/18983","targetHints":{"allow":["GET"]}}],"collection":[{"href":"https:\/\/www.komad.com\/de\/wp-json\/wp\/v2\/product"}],"about":[{"href":"https:\/\/www.komad.com\/de\/wp-json\/wp\/v2\/types\/product"}],"replies":[{"embeddable":true,"href":"https:\/\/www.komad.com\/de\/wp-json\/wp\/v2\/comments?post=18983"}],"wp:featuredmedia":[{"embeddable":true,"href":"https:\/\/www.komad.com\/de\/wp-json\/wp\/v2\/media\/18984"}],"wp:attachment":[{"href":"https:\/\/www.komad.com\/de\/wp-json\/wp\/v2\/media?parent=18983"}],"wp:term":[{"taxonomy":"product_brand","embeddable":true,"href":"https:\/\/www.komad.com\/de\/wp-json\/wp\/v2\/product_brand?post=18983"},{"taxonomy":"product_cat","embeddable":true,"href":"https:\/\/www.komad.com\/de\/wp-json\/wp\/v2\/product_cat?post=18983"},{"taxonomy":"product_tag","embeddable":true,"href":"https:\/\/www.komad.com\/de\/wp-json\/wp\/v2\/product_tag?post=18983"}],"curies":[{"name":"wp","href":"https:\/\/api.w.org\/{rel}","templated":true}]}}