{"id":24243,"date":"2023-12-21T13:18:41","date_gmt":"2023-12-21T12:18:41","guid":{"rendered":"https:\/\/www.komad.com\/reden-wir-ueber-rabatte\/"},"modified":"2024-02-21T09:08:09","modified_gmt":"2024-02-21T08:08:09","slug":"about-rabatte","status":"publish","type":"page","link":"https:\/\/www.komad.com\/de\/about-rabatte\/","title":{"rendered":"Reden wir \u00fcber Rabatte"},"content":{"rendered":"<div class=\"wpb-content-wrapper\"><p>[vc_row][vc_column][vc_row_inner][vc_column_inner width=&#8220;1\/2&#8243;][vc_single_image image=&#8220;24231&#8243; img_size=&#8220;full&#8220; alignment=&#8220;right&#8220; css_animation=&#8220;bounceInLeft&#8220;][\/vc_column_inner][vc_column_inner width=&#8220;1\/2&#8243;][vc_column_text css_animation=&#8220;bounceInUp&#8220;]<\/p>\n<h2>Reden wir \u00fcber Rabatte<\/h2>\n<p>Wir werden oft gefragt: Wann gibt es Ausverkauf?<br \/>\nUnd hier ist unsere Antwort.<\/p>\n<p>Wir machen keine Rabatte.<br \/>\nEs gibt einige seltene Gelegenheiten, in denen wir uns dazu entschlie\u00dfen, unsere treuen Kunden mit Sonderangeboten zu verw\u00f6hnen. Es kommt vor, aber nicht oft. Und deshalb ist es uns wichtig zu sagen: <strong>Danke!<br \/>\n<\/strong><br \/>\nDanke f\u00fcr deine Unterst\u00fctzung!<br \/>\nWas du hier unterst\u00fctzt, sind Produkte aus purer Leidenschaft und purer Liebe. Wir sind nicht nur hier, um unsere Produkte zu entwickeln, wir schaffen auch positive Erfahrungen und geben unser Bestes, um einen positiven Einfluss auf die Welt zu machen. Indem du uns unterst\u00fctzt, unterst\u00fctzt du die kleine Produktion, unsere treuen Mitarbeiter und auch eine ganze Kette kleiner Familienunternehmen, die uns auf unserem Weg begleiten.<\/p>\n<p>Vielen Dank, dass du ein verantwortungsbewusster Kunde bist, der sich um eine faire Produktion k\u00fcmmert. Vielen Dank, dass du davon \u00fcberzeugt bist, dass unsere Marke ein gutes Preis-Leistungs-Verh\u00e4ltnis bietet und mehr f\u00fcr die Welt tut. Wir machen keine Rabatte, aber wir k\u00f6nnen dir versprechen, dass wir unserer Mission, dir die besten Produkte und die beste Qualit\u00e4t anzubieten, weiterhin nachkommen werden. Alles designed und hergestellt in Kroatien.[\/vc_column_text][\/vc_column_inner][\/vc_row_inner][vc_empty_space height=&#8220;60px&#8220;][\/vc_column][\/vc_row]<\/p>\n<\/div>","protected":false},"excerpt":{"rendered":"<p>[vc_row][vc_column][vc_row_inner][vc_column_inner width=&#8220;1\/2&#8243;][vc_single_image image=&#8220;24231&#8243; img_size=&#8220;full&#8220; alignment=&#8220;right&#8220; css_animation=&#8220;bounceInLeft&#8220;][\/vc_column_inner][vc_column_inner width=&#8220;1\/2&#8243;][vc_column_text css_animation=&#8220;bounceInUp&#8220;] Reden wir \u00fcber Rabatte Wir werden oft gefragt: Wann gibt es Ausverkauf? Und hier ist unsere Antwort. Wir machen keine Rabatte. Es&hellip;<\/p>\n","protected":false},"author":2,"featured_media":0,"parent":0,"menu_order":0,"comment_status":"closed","ping_status":"closed","template":"","meta":{"footnotes":""},"class_list":["post-24243","page","type-page","status-publish","hentry"],"_links":{"self":[{"href":"https:\/\/www.komad.com\/de\/wp-json\/wp\/v2\/pages\/24243","targetHints":{"allow":["GET"]}}],"collection":[{"href":"https:\/\/www.komad.com\/de\/wp-json\/wp\/v2\/pages"}],"about":[{"href":"https:\/\/www.komad.com\/de\/wp-json\/wp\/v2\/types\/page"}],"author":[{"embeddable":true,"href":"https:\/\/www.komad.com\/de\/wp-json\/wp\/v2\/users\/2"}],"replies":[{"embeddable":true,"href":"https:\/\/www.komad.com\/de\/wp-json\/wp\/v2\/comments?post=24243"}],"version-history":[{"count":5,"href":"https:\/\/www.komad.com\/de\/wp-json\/wp\/v2\/pages\/24243\/revisions"}],"predecessor-version":[{"id":24469,"href":"https:\/\/www.komad.com\/de\/wp-json\/wp\/v2\/pages\/24243\/revisions\/24469"}],"wp:attachment":[{"href":"https:\/\/www.komad.com\/de\/wp-json\/wp\/v2\/media?parent=24243"}],"curies":[{"name":"wp","href":"https:\/\/api.w.org\/{rel}","templated":true}]}}