{"id":18405,"date":"2020-12-21T13:31:23","date_gmt":"2020-12-21T12:31:23","guid":{"rendered":"https:\/\/www.komad.com\/bestellung-und-zahlung\/"},"modified":"2024-02-21T10:41:17","modified_gmt":"2024-02-21T09:41:17","slug":"bestellung-und-zahlung","status":"publish","type":"page","link":"https:\/\/www.komad.com\/de\/bestellung-und-zahlung\/","title":{"rendered":"Bestellung und Zahlung"},"content":{"rendered":"<div class=\"wpb-content-wrapper\"><p>[vc_row][vc_column][vc_column_text]<\/p>\n<h4><b>Bestellung<\/b><\/h4>\n<p>Auf unserer Website k\u00f6nnen Sie auf einen beliebigen Artikel klicken, Mengen \u00e4ndern,den in den Warenkorb legen und dann, wenn Sie bereit sind, Artikel in Ihrem Warenkorb anzeigen und kaufen. Wenn Sie sich entscheiden, ein Profil bei uns zu \u00f6ffnen, k\u00f6nnen Sie auch den Status von Bestellungen \u00fcberwachen, den Verlauf von Bestellungen anzeigen und Adressinformationen speichern. Bitte \u00fcberpr\u00fcfen Sie Ihre Bestellung vor dem Absenden sorgf\u00e4ltig, da Sie Ihre Bestellung nach dem Absenden nicht mehr \u00e4ndern k\u00f6nnen.<\/p>\n<p>&nbsp;<\/p>\n<h4><b>Abschlisung der Bestellung<\/b><\/h4>\n<p>Sobald Sie die Bestellung abgeschlossen haben, erhalten Sie sofort die Bestellnummer. Wir senden Ihnen eine Best\u00e4tigungs-E-Mail mit den vollst\u00e4ndigen Details Ihrer Bestellung.<\/p>\n<p><span class=\"Apple-converted-space\">\u00a0<\/span><\/p>\n<h4><b>Bestellung Status<\/b><\/h4>\n<p>Wenn Sie Ihre Bestellung \u00fcber ein passwortgesch\u00fctztes Profil aufgegeben haben, k\u00f6nnen Sie den Status Ihrer Bestellung jederzeit \u00fcberpr\u00fcfen, indem Sie sich bei Ihrem Profil anmelden. Oder Sie k\u00f6nnen auf den Link in der Best\u00e4tigungs-E-Mail klicken.<\/p>\n<p><span class=\"Apple-converted-space\">\u00a0<\/span><\/p>\n<h4><b>Zahlung Optionen<\/b><\/h4>\n<p>Die Zahlung erfolgt wahlweise per Kreditkarte, Apple Pay\/Google Pay, und PayPal.<\/p>\n<p>Bei Auswahl der Zahlungsart<span class=\"Apple-converted-space\">\u00a0 <\/span>Sofortuberweisung nennen wir Ihnen unsere Bankverbindung in der Auftragsbest\u00e4tigung und liefern die Ware nach Zahlungseingang.<\/p>\n<p>Kreditkarte; wir akzeptieren via myPOS system VISA, Maestro, Mastercard, AmericanExpress ApplePay\/GooglePay.<\/p>\n<p>Bis zur vollst\u00e4ndigen Zahlung bleibt die Ware unser Eigentum.<\/p>\n<p>Ihre Kreditkarteninformationen werden nicht f\u00fcr andere Zwecke verwendet.<\/p>\n<p>Alle Zahlungen erfolgen in Euro-W\u00e4hrung (\u20ac). Bitte beachten Sie, dass bei Verwendung von Zahlungsmethoden au\u00dferhalb dieser W\u00e4hrung m\u00f6glicherweise eine separate Geb\u00fchr von Ihrer Bank \/ Ihrem Kartenanbieter f\u00fcr die Umrechnung der W\u00e4hrung erhoben wird.<\/p>\n<p>Die Zahlung wird zum Zeitpunkt der Bestellung (in \u20ac) bearbeitet.<\/p>\n<p>Wenn Ihre Zahlung (teilweise \/ vollst\u00e4ndig) zur\u00fcckerstattet wird, erhalten Sie m\u00f6glicherweise nicht den vollen Betrag Ihrer Bestellung (oder mehr als den Gesamtbetrag), um \u00c4nderungen der W\u00e4hrungswerte vom Zeitpunkt der Bestellung bis zum Zeitpunkt der R\u00fcckerstattung der Bestellung widerzuspiegeln .<\/p>\n<p><span class=\"Apple-converted-space\">\u00a0<\/span><\/p>\n<h4><b>Sale<\/b><\/h4>\n<p>In Verkaufsperioden wie (aber nicht beschr\u00e4nkt auf) Black Friday und Cyber \u200b\u200bMonday, in denen erm\u00e4\u00dfigte Preise gelten, gelten m\u00f6glicherweise keine zus\u00e4tzlichen Rabatte und \/ oder andere Codes.[\/vc_column_text][\/vc_column][\/vc_row]<\/p>\n<\/div>","protected":false},"excerpt":{"rendered":"<p>[vc_row][vc_column][vc_column_text] Bestellung Auf unserer Website k\u00f6nnen Sie auf einen beliebigen Artikel klicken, Mengen \u00e4ndern,den in den Warenkorb legen und dann, wenn Sie bereit sind, Artikel in Ihrem Warenkorb anzeigen und&hellip;<\/p>\n","protected":false},"author":2,"featured_media":0,"parent":0,"menu_order":0,"comment_status":"closed","ping_status":"closed","template":"","meta":{"footnotes":""},"class_list":["post-18405","page","type-page","status-publish","hentry"],"_links":{"self":[{"href":"https:\/\/www.komad.com\/de\/wp-json\/wp\/v2\/pages\/18405","targetHints":{"allow":["GET"]}}],"collection":[{"href":"https:\/\/www.komad.com\/de\/wp-json\/wp\/v2\/pages"}],"about":[{"href":"https:\/\/www.komad.com\/de\/wp-json\/wp\/v2\/types\/page"}],"author":[{"embeddable":true,"href":"https:\/\/www.komad.com\/de\/wp-json\/wp\/v2\/users\/2"}],"replies":[{"embeddable":true,"href":"https:\/\/www.komad.com\/de\/wp-json\/wp\/v2\/comments?post=18405"}],"version-history":[{"count":5,"href":"https:\/\/www.komad.com\/de\/wp-json\/wp\/v2\/pages\/18405\/revisions"}],"predecessor-version":[{"id":24436,"href":"https:\/\/www.komad.com\/de\/wp-json\/wp\/v2\/pages\/18405\/revisions\/24436"}],"wp:attachment":[{"href":"https:\/\/www.komad.com\/de\/wp-json\/wp\/v2\/media?parent=18405"}],"curies":[{"name":"wp","href":"https:\/\/api.w.org\/{rel}","templated":true}]}}