{"id":18398,"date":"2020-12-21T13:27:53","date_gmt":"2020-12-21T12:27:53","guid":{"rendered":"https:\/\/www.komad.com\/agb\/"},"modified":"2020-12-21T13:29:50","modified_gmt":"2020-12-21T12:29:50","slug":"agb","status":"publish","type":"page","link":"https:\/\/www.komad.com\/de\/agb\/","title":{"rendered":"AGB"},"content":{"rendered":"<div class=\"wpb-content-wrapper\"><p>[vc_row][vc_column][vc_column_text]<\/p>\n<h4><b>Allgemeine Gesch\u00e4ftsbedingungen<\/b><\/h4>\n<p><b>1) Geltungsbereich<br \/>\n<\/b>F\u00fcr alle Lieferungen von KOMAD &amp; BAGGIZ an Verbraucher gelten diese Allgemeinen Gesch\u00e4ftsbedingungen (AGB).<\/p>\n<p>Verbraucher ist jede nat\u00fcrliche Person, die ein Rechtsgesch\u00e4ft zu einem Zwecke abschlie\u00dft, der \u00fcberwiegend weder ihrer gewerblichen noch ihrer selbstst\u00e4ndigen beruflichen T\u00e4tigkeit zugerechnet werden kann.<\/p>\n<p><b>2) Vertragspartner<br \/>\n<\/b>Der Kaufvertrag kommt zustande mit:<\/p>\n<p>BAGGIZ jdoo<br \/>\nOgnjena Price 23<br \/>\n40000 \u010cakovec<br \/>\nKROATIEN<\/p>\n<p>Ust-IdNr. HR86966343765<span class=\"Apple-converted-space\"><br \/>\n<\/span>Tel: +385 99 67 67 235<br \/>\nMail: hello@komad.com<span class=\"Apple-converted-space\">\u00a0<\/span><\/p>\n<p>&nbsp;<\/p>\n<p><b>3) Vertragsschluss<br \/>\n<\/b>Die Darstellung der Produkte im Online-Shop stellt kein rechtlich bindendes Angebot, sondern nur eine Aufforderung zur Bestellung dar.<\/p>\n<p>Durch Anklicken des Buttons [Kaufen\/kostenpflichtig bestellen] geben Sie eine verbindliche Bestellung der auf der Bestellseite aufgelisteten Waren ab. Ihr Kaufvertrag kommt zustande, wenn wir Ihre Bestellung durch eine Auftragsbest\u00e4tigung per E-Mail unmittelbar nach dem Erhalt Ihrer Bestellung annehmen.<\/p>\n<p>&nbsp;<\/p>\n<p><b>4) Widerrufsrecht<br \/>\n<\/b>Wenn Sie Verbraucher sind (also eine nat\u00fcrliche Person, die die Bestellung zu einem Zweck abgibt, der weder Ihrer gewerblichen oder selbst\u00e4ndigen beruflichen T\u00e4tigkeit zugerechnet werden kann), steht Ihnen nach Ma\u00dfgabe der gesetzlichen Bestimmungen ein Widerrufsrecht zu.<\/p>\n<p>Machen Sie als Verbraucher von Ihrem Widerrufsrecht<span class=\"Apple-converted-space\">\u00a0 <\/span>Gebrauch, so haben Sie die regelm\u00e4\u00dfigen Kosten der R\u00fccksendung zu tragen.<\/p>\n<p>Im \u00dcbrigen gelten f\u00fcr das Widerrufsrecht die Regelungen, die im Einzelnen wiedergegeben sind in der folgenden.<\/p>\n<p>-Sie haben das Recht, binnen vierzehn Tagen ohne Angabe von Gr\u00fcnden diesen Vertrag zu widerrufen.<\/p>\n<p>-Die Widerrufsfrist betr\u00e4gt vierzehn Tage ab dem Tag an dem Sie oder ein von Ihnen benannter Dritter, der nicht der Bef\u00f6rderer ist, die Waren in Besitz genommen haben bzw. hat.<\/p>\n<p>-Um Ihr Widerrufsrecht auszu\u00fcben, m\u00fcssen Sie uns (Name des Unternehmers, Anschrift und, soweit verf\u00fcgbar Telefonnummer und E-Mail Adresse eintragen) mittels einer eindeutigen Erkl\u00e4rung (zB ein mit der Post versandter Brief oder E-Mail) \u00fcber Ihren Entschluss, diesen Vertrag zu widerrufen, informieren.<\/p>\n<p>Zur Wahrung der Widerrufsfrist reicht es aus, dass Sie die Mitteilung \u00fcber die Aus\u00fcbung des Widerrufsrechts vor Ablauf der Widerrufsfrist absenden.<\/p>\n<p>&nbsp;<\/p>\n<p><b>5) Folgen des Widerrufs<br \/>\n<\/b>Wenn Sie diesen Vertrag widerrufen, haben wir Ihnen alle Zahlungen, die wir von Ihnen erhalten haben, einschlie\u00dflich der Lieferkosten (mit Ausnahme der zus\u00e4tzlichen Kosten, die sich daraus ergeben, dass Sie eine andere Art der Lieferung als die von uns angebotene, g\u00fcnstigste Standardlieferung gew\u00e4hlt haben), unverz\u00fcglich und sp\u00e4testens binnen vierzehn Tagen ab dem Tag zur\u00fcckzuzahlen, an dem die Mitteilung \u00fcber Ihren Widerruf dieses Vertrags bei uns eingegangen ist. F\u00fcr diese R\u00fcckzahlung verwenden wir dasselbe Zahlungsmittel, das Sie bei der urspr\u00fcnglichen Transaktion eingesetzt haben, es sei denn, mit Ihnen wurde ausdr\u00fccklich etwas anderes vereinbart; in keinem Fall werden Ihnen wegen dieser R\u00fcckzahlung Entgelte berechnet. Wir k\u00f6nnen die R\u00fcckzahlung verweigern, bis wir die Waren wieder zur\u00fcckerhalten haben oder bis Sie den Nachweis erbracht haben, dass Sie die Waren zur\u00fcckgesandt haben, je nachdem, welches der fr\u00fchere Zeitpunkt ist.<\/p>\n<p>Sie haben die Waren unverz\u00fcglich und in jedem Fall sp\u00e4testens binnen vierzehn Tagen ab dem Tag, an dem Sie uns \u00fcber den Widerruf dieses Vertrages unterrichten, an uns oder an (hier sind gegebenenfalls der Name und die Anschrift der von Ihnen zur Entgegennahme der Ware erm\u00e4chtigten Person einzuf\u00fcgen) zur\u00fcckzusenden oder zu \u00fcbergeben. Die Frist ist gewahrt, wenn Sie die Waren vor Ablauf der Frist von vierzehn Tagen absenden.<\/p>\n<p>Sie tragen die unmittelbaren Kosten der R\u00fccksendung der Waren.<\/p>\n<p>Sie m\u00fcssen f\u00fcr einen etwaigen Wertverlust der Waren nur aufkommen, wenn dieser Wertverlust auf einen zur Pr\u00fcfung der Beschaffenheit, Eigenschaften und Funktionsweise der Waren nicht notwendigen Umgang mit ihnen zur\u00fcckzuf\u00fchren ist.<\/p>\n<p>&#8211; Ende der Widerrufsbelehrung &#8211;<\/p>\n<p>(\u00b9 Diese Widerrufsbelehrung gilt nicht f\u00fcr die getrennte Lieferung von Waren.)<\/p>\n<p>&nbsp;<\/p>\n<p><b>6) Preise und Versandkosten<br \/>\n<\/b>Die auf den Produktseiten genannten Preise enthalten die gesetzliche Mehrwertsteuer und sonstige Preisbestandteile.<\/p>\n<p>Zus\u00e4tzlich zu den angegebenen Preisen berechnen wir<span class=\"Apple-converted-space\">\u00a0<\/span><\/p>\n<p>&#8211; f\u00fcr die Lieferung innerhalb EU, pauschal 10,00 Euro pro Bestellung<\/p>\n<p>&#8211; f\u00fcr die Lieferung auserhalb EU 20,00 Euro pro Bestellung<span class=\"Apple-converted-space\">\u00a0<\/span><\/p>\n<p>Die Versandkosten werden Ihnen auf den Produktseiten, im Warenkorbsystem und auf der Bestellseite nochmals deutlich mitgeteilt.<\/p>\n<p>&nbsp;<\/p>\n<p><b>7) Lieferung<br \/>\n<\/b>Die Lieferung in EU erfolgt mit GLS oder DPD.<\/p>\n<p>Die Lieferzeit in Eu betr\u00e4gt bis zu 7 Arbeitstage Tage. Auf eventuell abweichende Lieferzeiten weisen wir auf der jeweiligen Produktseite hin.<\/p>\n<p>Die Lieferung auser EU erfolgt mit GLS,<span class=\"Apple-converted-space\">\u00a0 <\/span>DPD oder Post.<\/p>\n<p>Die Lieferzeit auser Eu betr\u00e4gt bis zu 14 Arbeitstage Tage. Auf eventuell abweichende Lieferzeiten weisen wir auf der jeweiligen Produktseite hin.<\/p>\n<p>Bei Lieferungen in das Nicht-EU-Ausland fallen zus\u00e4tzliche Z\u00f6lle, Steuern und Geb\u00fchren an.<\/p>\n<p>&nbsp;<\/p>\n<p><b>8) Zahlung<br \/>\n<\/b>Die Zahlung erfolgt wahlweise per Kreditkarte, Sofortuberweisung und PayPal.<\/p>\n<p>Bei Auswahl der Zahlungsart<span class=\"Apple-converted-space\">\u00a0 <\/span>Sofortuberweisung nennen wir Ihnen unsere Bankverbindung in der Auftragsbest\u00e4tigung und liefern die Ware nach Zahlungseingang.<\/p>\n<p>Kreditkarte; wir akzeptieren via myPOS system VISA, Mastercard, AmericanExpress.<\/p>\n<p><b>9) Eigentumsvorbehalt<\/b><\/p>\n<p>Bis zur vollst\u00e4ndigen Zahlung bleibt die Ware unser Eigentum.<\/p>\n<p>&nbsp;<\/p>\n<p><b>10) Streitbeilegung<br \/>\n<\/b>Die EU-Kommission hat eine Internetplattform zur Online-Beilegung von Streitigkeiten geschaffen. Die Plattform dient als Anlaufstelle zur au\u00dfergerichtlichen Beilegung von Streitigkeiten betreffend vertragliche Verpflichtungen, die aus Online-Kaufvertr\u00e4gen erwachsen. N\u00e4here Informationen sind unter dem folgenden Link verf\u00fcgbar: http:\/\/ec.europa.eu\/consumers\/odr. Zur Teilnahme an einem Streitbeilegungsverfahren vor einer Verbraucherschlichtungsstelle sind wir weder bereit noch verpflichtet.[\/vc_column_text][\/vc_column][\/vc_row]<\/p>\n<\/div>","protected":false},"excerpt":{"rendered":"<p>[vc_row][vc_column][vc_column_text] Allgemeine Gesch\u00e4ftsbedingungen 1) Geltungsbereich F\u00fcr alle Lieferungen von KOMAD &amp; BAGGIZ an Verbraucher gelten diese Allgemeinen Gesch\u00e4ftsbedingungen (AGB). Verbraucher ist jede nat\u00fcrliche Person, die ein Rechtsgesch\u00e4ft zu einem Zwecke&hellip;<\/p>\n","protected":false},"author":2,"featured_media":0,"parent":0,"menu_order":0,"comment_status":"closed","ping_status":"closed","template":"","meta":{"footnotes":""},"class_list":["post-18398","page","type-page","status-publish","hentry"],"_links":{"self":[{"href":"https:\/\/www.komad.com\/de\/wp-json\/wp\/v2\/pages\/18398","targetHints":{"allow":["GET"]}}],"collection":[{"href":"https:\/\/www.komad.com\/de\/wp-json\/wp\/v2\/pages"}],"about":[{"href":"https:\/\/www.komad.com\/de\/wp-json\/wp\/v2\/types\/page"}],"author":[{"embeddable":true,"href":"https:\/\/www.komad.com\/de\/wp-json\/wp\/v2\/users\/2"}],"replies":[{"embeddable":true,"href":"https:\/\/www.komad.com\/de\/wp-json\/wp\/v2\/comments?post=18398"}],"version-history":[{"count":5,"href":"https:\/\/www.komad.com\/de\/wp-json\/wp\/v2\/pages\/18398\/revisions"}],"predecessor-version":[{"id":18404,"href":"https:\/\/www.komad.com\/de\/wp-json\/wp\/v2\/pages\/18398\/revisions\/18404"}],"wp:attachment":[{"href":"https:\/\/www.komad.com\/de\/wp-json\/wp\/v2\/media?parent=18398"}],"curies":[{"name":"wp","href":"https:\/\/api.w.org\/{rel}","templated":true}]}}