{"id":18394,"date":"2020-12-21T13:23:09","date_gmt":"2020-12-21T12:23:09","guid":{"rendered":"https:\/\/www.komad.com\/datenschutz\/"},"modified":"2020-12-21T13:26:54","modified_gmt":"2020-12-21T12:26:54","slug":"datenschutz","status":"publish","type":"page","link":"https:\/\/www.komad.com\/de\/datenschutz\/","title":{"rendered":"Datenschutz"},"content":{"rendered":"<div class=\"wpb-content-wrapper\"><p>[vc_row][vc_column][vc_column_text]<\/p>\n<p><b>Datenschutzerkl\u00e4rung<\/b><br \/>Wir freuen uns \u00fcber Ihr Interesse an unserer Website.<\/p>\n<p><b>Wer sind wir?<br \/><\/b>Unsere Web Adresse ist https:\/\/komad.com<\/p>\n<p>Bei der Nutzung dieser Website k\u00f6nnen in einzelnen F\u00e4llen, die wir Ihnen nachstehend n\u00e4her erl\u00e4utern, personenbezogene Daten erfasst werden. Wenn dies erforderlich ist, nehmen wir stets den Schutz Ihrer Privatsph\u00e4re und Ihrer privaten Daten sehr ernst. Wir erfassen, speichern und nutzen Ihre personenbezogenen Daten nur in \u00dcbereinstimmung mit dem Inhalt dieser Datenschutzerkl\u00e4rung sowie den anwendbaren datenschutzrechtlichen Bestimmungen, insbesondere der europ\u00e4ischen Datenschutz-Grundverordnung (DSGVO) und den nationalen Datenschutzbestimmungen.<\/p>\n<p>Mit dieser Datenschutzerkl\u00e4rung m\u00f6chten wir Sie informieren, in welchem Umfang und zu welchem Zweck personenbezogene Daten im Zusammenhang mit der Nutzung des Online-Angebotes verarbeitet werden.<\/p>\n<p>&nbsp;<\/p>\n<p><b>Personenbezogene Daten<\/b><span class=\"Apple-converted-space\">\u00a0<\/span><\/p>\n<p>Personenbezogene Daten sind Informationen \u00fcber eine identifizierte oder identifizierbare nat\u00fcrliche Person. Hierunter fallen alle Informationen zu Ihrer Identit\u00e4t wie beispielsweise Ihr Name, Ihre E-Mail-Adresse oder Ihre Postanschrift. Informationen, die nicht mit Ihrer Identit\u00e4t in Verbindung gebracht werden k\u00f6nnen (wie zum Beispiel statistische Angaben, etwa zur Anzahl der Nutzer des Online-Angebotes) gelten dagegen nicht als personenbezogene Informationen.<span class=\"Apple-converted-space\">\u00a0<\/span><\/p>\n<p>Sie k\u00f6nnen unser Online-Angebot grunds\u00e4tzlich ohne Offenlegung Ihrer Identit\u00e4t und ohne Angabe von personenbezogenen Daten nutzen. Es werden dann von uns lediglich allgemeine Informationen \u00fcber den Besuch unseres Online-Angebotes erfasst. F\u00fcr manche der angebotenen Dienste werden allerdings personenbezogene Daten von Ihnen erhoben. Diese Daten werden dann von uns grunds\u00e4tzlich nur zu Zwecken der Nutzung dieses Online-Angebots, insbesondere zur Bereitstellung der gew\u00fcnschten Informationen verarbeitet. Bei der Erhebung von personenbezogenen Daten m\u00fcssen nur die Daten verpflichtend angegeben werden, die zwingend erforderlich sind. Dar\u00fcber hinaus k\u00f6nnen weitere Angaben m\u00f6glich sein, wobei es sich dann um freiwillige Angaben handelt. Wir weisen jeweils darauf hin, ob es sich um Pflichtfelder oder freiwillige Angaben handelt. \u00dcber die konkreten Einzelheiten informieren wir dann in dem entsprechenden Abschnitt dieser Datenschutzerkl\u00e4rung.<span class=\"Apple-converted-space\">\u00a0<\/span><\/p>\n<p>Eine automatisierte Entscheidungsfindung auf Basis Ihrer personenbezogenen Daten findet im Zusammenhang mit der Nutzung unseres Online-Angebotes nicht statt.<span class=\"Apple-converted-space\">\u00a0<\/span><\/p>\n<p>Name und Kontaktdaten des f\u00fcr die Verarbeitung Verantwortlichen:<span class=\"Apple-converted-space\">\u00a0<\/span><\/p>\n<p>Verantwortliche Stelle im Sinne des Datenschutzes ist:<span class=\"Apple-converted-space\">\u00a0<br \/><\/span>BAGGIZ jdoo<br \/>Ognjena Price 23<br \/>40000 \u010cakovec<br \/>KROATIEN<\/p>\n<p>Ust-IdNr. HR86966343765<span class=\"Apple-converted-space\">\u00a0<br \/><\/span>Tel: +385 99 67 67 235<br \/>Mail: hello@komad.com<span class=\"Apple-converted-space\">\u00a0<\/span><\/p>\n<p>&nbsp;<\/p>\n<p><b>Datensicherheit<span class=\"Apple-converted-space\">\u00a0<\/span><\/b><\/p>\n<p>Wir behandeln Ihre Daten vertraulich. Ihre Zahlungsdaten werden im Bestellprozess verschl\u00fcsselt \u00fcber das Internet \u00fcbertragen. Wir sichern unsere Website und sonstigen Systeme durch technische und organisatorische Ma\u00dfnahmen gegen Verlust, Zerst\u00f6rung, Zugriff, Ver\u00e4nderung und Verbreitung Ihrer Daten durch unbefugte Personen. Der Zugriff auf Ihre Daten ist nur wenigen, befugten Personen m\u00f6glich. Diese sind f\u00fcr die technische, kaufm\u00e4nnische oder redaktionelle Betreuung der Server zust\u00e4ndig. Trotz regelm\u00e4\u00dfiger Kontrollen ist ein vollst\u00e4ndiger Schutz gegen alle Gefahren jedoch nicht m\u00f6glich.<span class=\"Apple-converted-space\">\u00a0<\/span><\/p>\n<p>Sie sollten Ihre Kundenkonto-Zugangsdaten stets vertraulich behandeln und das Browserfenster schlie\u00dfen, wenn Sie die Kommunikation mit uns beendet haben, insbesondere wenn Sie den Computer gemeinsam mit anderen nutzen.<span class=\"Apple-converted-space\">\u00a0<\/span><\/p>\n<p>Ihre personenbezogenen Daten werden verschl\u00fcsselt \u00fcber das Internet \u00fcbertragen. Wir verwenden f\u00fcr die Daten\u00fcbertragung eine SSL-Verschl\u00fcsselung (Secure Socket Layer).<span class=\"Apple-converted-space\">\u00a0<\/span><\/p>\n<p>&nbsp;<\/p>\n<p><b>Weitergabe personenbezogener Daten an Dritte<\/b><span class=\"Apple-converted-space\">\u00a0<\/span><\/p>\n<p>Wir verwenden Ihre personenbezogenen Informationen grunds\u00e4tzlich nur zur Erbringung der von Ihnen gew\u00fcnschten Leistungen. Soweit im Rahmen der Leistungserbringung von uns externe Dienstleister eingesetzt werden, erfolgt deren Zugriff auf die Daten auch ausschlie\u00dflich zum Zwecke der Leistungserbringung. Durch technische und organisatorische Ma\u00dfnahmen stellen wir die Einhaltung der datenschutzrechtlichen Vorgaben sicher und verpflichten auch unsere externen Dienstleister hierauf.<span class=\"Apple-converted-space\">\u00a0<\/span><\/p>\n<p>Wir geben dar\u00fcber hinaus die Daten nicht ohne Ihre ausdr\u00fcckliche Einwilligung an Dritte weiter, insbesondere nicht zu Werbezwecken. Eine Weitergabe Ihrer personenbezogenen Daten erfolgt nur, wenn Sie selbst in die Datenweitergabe eingewilligt haben oder soweit wir aufgrund gesetzlicher Bestimmungen und\/oder beh\u00f6rdlicher bzw. gerichtlicher Anordnungen hierzu berechtigt oder verpflichtet sind. Dabei kann es sich insbesondere um die Auskunftserteilung f\u00fcr Zwecke der Strafverfolgung, zur Gefahrenabwehr oder zur Durchsetzung geistiger Eigentumsrechte handeln.<span class=\"Apple-converted-space\">\u00a0<\/span><\/p>\n<p>&nbsp;<\/p>\n<p><b>Speicherdauer und Datenl\u00f6schung<\/b><span class=\"Apple-converted-space\">\u00a0<\/span><\/p>\n<p>Wir l\u00f6schen bzw. sperren Ihre personenbezogenen Daten grunds\u00e4tzlich immer dann, wenn der Zweck der Speicherung entf\u00e4llt. Wir speichern Ihre Daten solange Sie ein Kundenkonto bei uns angelegt oder sich f\u00fcr unseren Newsletter angemeldet haben und wir die Daten zur Bereitstellung von unseren Dienstleistungen ben\u00f6tigen. Die Einwilligung zur Speicherung und Nutzung Ihrer Daten f\u00fcr Werbezwecke k\u00f6nnen Sie jederzeit mit Wirkung f\u00fcr die Zukunft widerrufen, ohne dass hierf\u00fcr andere als die \u00dcbermittlungskosten nach den Basistarifen entstehen. Eine Speicherung kann aber dar\u00fcber hinaus erfolgen, wenn dies durch rechtliche Vorgaben, denen wir unterliegen, vorgesehen ist, etwa im Hinblick auf gesetzliche Aufbewahrungs- und Dokumentationspflichten. In einem solchen Fall l\u00f6schen bzw. sperren wir Ihre personenbezogenen Daten nach dem Ende der entsprechenden Vorgaben.<span class=\"Apple-converted-space\">\u00a0<\/span><\/p>\n<p>&nbsp;<\/p>\n<p><b>Nutzung unseres Online-Angebots<\/b><\/p>\n<p>Erhebung, Verarbeitung und Nutzung personenbezogener Daten<span class=\"Apple-converted-space\">\u00a0<\/span><\/p>\n<p>Sie k\u00f6nnen unsere Seite besuchen, ohne Angaben zu Ihrer Person zu machen. Wir speichern &#8211; auch wenn der Besuch ggf. \u00fcber Newsletterlinks erfolgt &#8211; lediglich anonymisierte Zugriffsdaten ohne Personenbezug wie z.B.\u00a0\u00a0\u00a0<span class=\"Apple-converted-space\">\u00a0<\/span><\/p>\n<p>\u2022\u00a0\u00a0\u00a0 den Namen Ihres Internet Service Providers\u00a0\u00a0\u00a0<span class=\"Apple-converted-space\">\u00a0<\/span><\/p>\n<p>\u2022\u00a0\u00a0\u00a0 die Seite, von der aus Sie uns besuchen\u00a0\u00a0\u00a0<span class=\"Apple-converted-space\">\u00a0<\/span><\/p>\n<p>\u2022\u00a0\u00a0\u00a0 den Namen der angeforderten Datei<\/p>\n<p>Diese Daten werden ausschlie\u00dflich zur Verbesserung unseres Angebotes ausgewertet und erlauben keinen R\u00fcckschluss auf Ihre Person. Wir erheben, speichern und verarbeiten Ihre Daten f\u00fcr die Bestellabwicklung Ihres Kaufs und eventuelle sp\u00e4tere Gew\u00e4hrleistungsabwicklung sowie f\u00fcr Werbezwecke. Personenbezogene Daten werden erhoben, wenn Sie uns diese im Rahmen Ihrer Warenbestellung oder bei Er\u00f6ffnung eines Kundenkontos oder bei der Registrierung zum Newsletter freiwillig \u00fcber das jeweilige Formular mitteilen. Eine Weitergabe Ihrer personenbezogenen Daten (Name, Adresse, E-Mail-Adresse oder Zahlungsinformationen) erfolgt an von uns im Rahmen der Ausf\u00fchrung des Auftrags eingesetzte Dienstleister (Paketdienste, Logistiker, Zahlungsdienstleister). Ihre personenbezogenen Daten werden in keinem Fall an Dritte verkauft oder weitergegeben.<span class=\"Apple-converted-space\">\u00a0<\/span><\/p>\n<p>Sie m\u00fcssen Ihre personenbezogenen Daten nicht mit uns teilen. Sollten Sie Ihre Daten nicht preisgeben, kann es sein, dass Sie in unserem Onlineshop nicht einkaufen oder wir nicht das volle Kundenerlebnis bieten k\u00f6nnen.<span class=\"Apple-converted-space\">\u00a0<\/span><\/p>\n<p>&nbsp;<\/p>\n<p><b>Kundenkonto<\/b><span class=\"Apple-converted-space\">\u00a0<\/span><\/p>\n<p>Bei der Er\u00f6ffnung eines Kundenkontos wird ein passwortgesch\u00fctzter Zugang zu den gespeicherten Benutzerdaten erstellt. Hier k\u00f6nnen Sie alle Daten einsehen, die sie uns \u00fcber das Registrierungsformular \u00fcbermittelt haben, wie Vor- und Nachname, Geschlecht, Geburtsdatum, Liefer- und Rechnungsadresse, Telefonnummer und E-Mail-Adresse sowie Passwort. In diesem Bereich finden Sie auch Ihre Bestelldaten und Informationen zu offenen oder abgeschlossenen Bestellungen. Sie sind verpflichtet, die pers\u00f6nlichen Zugangsdaten zum Kundenkonto vertraulich zu behandeln und keinem unbefugten Dritten zug\u00e4nglich zu machen. Wir k\u00f6nnen keine Haftung f\u00fcr missbr\u00e4uchlich verwendete Passw\u00f6rter \u00fcbernehmen.<span class=\"Apple-converted-space\">\u00a0<\/span><\/p>\n<p>Die Verarbeitung Ihrer personenbezogenen Daten im Rahmen des Kundenkontos erfolgt zur Erf\u00fcllung der im Rahmen des Kundenkontos abgeschlossenen Vertr\u00e4ge im Sinne von Art. 6 Abs.\u00a01 lit. b) und lit. c) DSGVO sowie aufgrund Ihrer im Rahmen der Nutzung des Kundenkontos erteilten Einwilligung gem\u00e4\u00df Art. 6 Abs. 1 lit. a) DSGVO.<span class=\"Apple-converted-space\">\u00a0<\/span><\/p>\n<p>&nbsp;<\/p>\n<p><b>Newsletter-Werbung<\/b><span class=\"Apple-converted-space\">\u00a0<\/span><\/p>\n<p>Wenn Sie sich \u00fcber das Newsletter-Registrierungsformular oder schriftlich f\u00fcr den redaktionellen komad.com Newsletter angemeldet haben, verwende komad.com Ihre bei der Registrierung angegebenen Daten um Zweck der Zusendung des komad.com Newsletters. Es erfolgt keine Weitergabe Ihrer Daten an Dritte. Unsere Datenschutzbestimmungen stehen im Einklang mit dem Bundesdatenschutzgesetz (BDSG) und dem Telemediengesetz (TMG). Wenn Sie sich zu unserem kostenlosen Newsletter anmelden, werden wir Sie regelm\u00e4\u00dfig \u00fcber neue Produkte, Events und Neuigkeiten sowie exklusive Angebote informieren. Nach der Registrierung erhalten Sie eine E-Mail mit einem Best\u00e4tigungslink, durch dessen Anklicken Sie die Anmeldung abschlie\u00dfen. Die bei der Anmeldung freiwillig angegebenen Daten, wie E-Mail-Adresse, Vorname, Geschlecht, Geburtsdatum werden an die von uns eingesetzte Dienstleister weitergeleitet, die uns bei unserer Gesch\u00e4ftst\u00e4tigkeit unterst\u00fctzen (Newsletter-Versandsysteme). \u00dcber eine Profilanpassung k\u00f6nnen die Daten um Interessen erg\u00e4nzt werden (Neuheiten, Sale, Marken, Kollektionen, Trends), damit wir unsere Newsletter noch zielgerichteter auf den Empf\u00e4nger anpassen k\u00f6nnen. Wir nutzen die angegebenen Daten f\u00fcr eigene Werbezwecke, bis Sie sich vom Newsletter abmelden.<span class=\"Apple-converted-space\">\u00a0<\/span><\/p>\n<p><b>Die Abmeldung vom Newslette<\/b>r ist kostenlos und jederzeit m\u00f6glich, ohne dass Ihnen hierf\u00fcr andere als die \u00dcbermittlungskosten nach den Basistarifen entstehen. In jedem Newsletter ist ein Abmelde-Link integriert, dem Sie folgen k\u00f6nnen, um sich vom Newsletter abzumelden. <span class=\"Apple-converted-space\">\u00a0<\/span><\/p>\n<p>&nbsp;<\/p>\n<p><b>Verwendung von Cookies<\/b><span class=\"Apple-converted-space\">\u00a0<\/span><\/p>\n<p>Auf unserer Webseite setzen wir sog. Cookies ein. Cookies sind kleine Dateien, die auf Ihrem Datentr\u00e4ger gespeichert werden und die bestimmte Einstellungen und Daten zum Austausch mit unserem System \u00fcber Ihren Browser speichern. Cookies erm\u00f6glichen es uns, den Computer von Ihnen zu erkennen und eventuelle Voreinstelllungen sofort verf\u00fcgbar zu machen. Cookies helfen uns, das Online-Angebot zu verbessern sowie Ihnen einen besseren und noch mehr auf Sie zugeschnittenen Service anbieten zu k\u00f6nnen. Hierin ist auch unser berechtigtes Interesse an der Datenverarbeitung nach Art. 6 Abs. 1 lit. f) DSGVO zu sehen.Wir verwenden verschiedene Arten von Cookies. F\u00fcr die Seitenfunktionalit\u00e4t helfen uns Cookies, indem beispielsweise bestimmte Eingaben so von Ihnen gespeichert werden, dass Sie diese nicht st\u00e4ndig wiederholen m\u00fcssen. Wir verwenden Cookies, um Ihr vorheriges Nutzerverhalten (Produktpr\u00e4ferenzen) zu erheben und Ihr Einkaufserlebnis auf der Webseite und in Newsletter- und Retargeting-Kampagnen mit auf Sie zugeschnitten Produktempfehlungen anzureichern (siehe Retargeting). F\u00fcr die Analyse unserer Webseite nutzen wir Cookies, um die Funktionsf\u00e4higkeit dieser zu optimieren (siehe Webtracking-Tools). Es werden bei uns Cookies eingesetzt, die nur w\u00e4hrend einer Sitzung aktiv sind und nach Beenden Ihres Browsers automatisch wieder von Ihrer Festplatte gel\u00f6scht werden (sog. Sitzungs- bzw. Sessioncookies). Zudem verwenden wir Cookies, die beim n\u00e4chsten Besuch automatisch erkennen, dass Sie bereits auf unserer Webseite waren und welche Eingaben, Einstellungen und Pr\u00e4ferenzen Sie haben (sog. dauerhafte bzw. session\u00fcbergreifende Cookies). Die Cookies, die auf unserer Website zum Einsatz kommen, haben eine Speicherdauer von einem Monat bis zu mehreren Jahren. Die Nutzungsdaten eines Website-Besuchers speichern wir nur so lange, wie es nach dem Gesetzt erforderlich und f\u00fcr den Zweck, f\u00fcr den wir sie erfasst haben, notwendig ist. Es werden bei den oben beschriebenen Vorg\u00e4ngen selbstverst\u00e4ndlich anonymisierte und keine personenbezogenen Daten gespeichert.Sollten Sie mit der Speicherung nicht einverstanden sein, k\u00f6nnen Sie Cookies deaktivieren oder bestehende Cookies l\u00f6schen, was dazu f\u00fchren kann, dass unser Angebot f\u00fcr Sie nicht mehr oder nur noch eingeschr\u00e4nkt funktioniert. Wenn Sie Cookies deaktivieren oder l\u00f6schen m\u00f6chten, k\u00f6nnen Sie das \u00fcber die Einstellungen Ihres Internet Browsers vornehmen. \u00dcber die Hilfe-Funktion in der Men\u00fcleiste Ihres Browsers k\u00f6nnen Sie abrufen, wie die Cookie-Einstellungen in dem jeweiligen Browser ge\u00e4ndert werden k\u00f6nnen.<\/p>\n<p>Wir nutzen diese Cookies:<\/p>\n<p>NID<\/p>\n<p>130=PWMeotqZ75Nk4ZyDrxAqhxPKMA27RpIC9wCiB5HDXwxx1hw52ne60yF6JA4vXUQle7zZ2uuCWXs1G3mHje1KnDQ5Jji3znZleg-sdNBKzloRv98yLUpnIuTfvzVAR7JH<\/p>\n<p>_dc_gtm_UA-1942673-15<\/p>\n<p>1<\/p>\n<p>_ga<\/p>\n<p>GA1.2.681886355.1526991638<\/p>\n<p>_gid<\/p>\n<p>GA1.2.1548549963.1526991638<\/p>\n<p>_icl_current_language<\/p>\n<p>en<\/p>\n<p>catAccCookies<\/p>\n<p>1<\/p>\n<p>fr<\/p>\n<p>0PVXnLZehsZGUke5K..BbBAsW\u20261.0.BbBAsW.<\/p>\n<p>wpml_referer_url<\/p>\n<p>https%3A%2F%2Fwww.baggiz.eu%2F%3Fwc-ajax%3Dget_refreshed_fragments<\/p>\n<p>&nbsp;<\/p>\n<p>Weitere Informationen \u00fcber Cookies finden Sie unter www.aboutcookies.org.<span class=\"Apple-converted-space\">\u00a0<\/span><\/p>\n<p>&nbsp;<\/p>\n<p><b>Ihre Rechte und Kontakt<\/b><\/p>\n<p>Wir legen gro\u00dfen Wert darauf, die Verarbeitung Ihrer personenbezogenen Daten zu erl\u00e4utern und Sie auch \u00fcber die Ihnen zustehenden Rechte zu informieren. Wenn Sie n\u00e4here Informationen w\u00fcnschen oder die Ihnen zustehenden Rechte aus\u00fcben wollen, k\u00f6nnen Sie sich jederzeit bei uns melden.<\/p>\n<p>&nbsp;<\/p>\n<p><b>Auskunftsrecht und weitere Betroffenenrechte<\/b><\/p>\n<p>Bez\u00fcglich der Verarbeitung Ihrer personenbezogenen Daten stehen Ihnen umfangreiche Rechte zu. Zun\u00e4chst haben Sie ein umfangreiches Auskunftsrecht und k\u00f6nnen gegebenenfalls die Berichtigung und\/oder L\u00f6schung bzw. Sperrung Ihrer personenbezogenen Daten verlangen. Sie k\u00f6nnen auch eine Einschr\u00e4nkung der Verarbeitung verlangen und haben ein Widerspruchsrecht. Im Hinblick auf die uns von Ihnen \u00fcbermittelten personenbezogenen Daten steht Ihnen au\u00dferdem ein Recht auf Daten\u00fcbertragbarkeit zu.<\/p>\n<p>Wenn Sie eines Ihrer Rechte geltend machen und\/oder n\u00e4here Informationen hier\u00fcber erhalten m\u00f6chten, wenden Sie sich bitte an unseren Ansprechpartner f\u00fcr den Datenschutz.<\/p>\n<p>&nbsp;<\/p>\n<p><b>Widerruf der Einwilligung und Widerspruch<\/b><\/p>\n<p>Eine einmal von Ihnen erteilte Einwilligung kann jederzeit mit Wirkung f\u00fcr die Zukunft frei widerrufen werden. Durch den Widerruf der Einwilligung wird die Rechtm\u00e4\u00dfigkeit der aufgrund der Einwilligung bis zum Widerruf erfolgten Verarbeitung nicht ber\u00fchrt. Ansprechpartner hierf\u00fcr sind ebenfalls unser Ansprechpartner f\u00fcr den Datenschutz.<span class=\"Apple-converted-space\">\u00a0<\/span><\/p>\n<p>&nbsp;<\/p>\n<p><b>Ansprechpartner f\u00fcr Datenschutz<\/b><span class=\"Apple-converted-space\">\u00a0<\/span><\/p>\n<p>Bei Fragen zur Erhebung, Verarbeitung oder Nutzung Ihrer personenbezogener Daten, bei Ausk\u00fcnften, Berichtigung, Sperrung oder L\u00f6schung von Daten sowie Widerruf erteilter Einwilligungen wenden Sie sich bitte an:<span class=\"Apple-converted-space\">\u00a0<\/span><\/p>\n<p>BAGGIZ jdoo<br \/>Ognjena Price 23<br \/>40000 \u010cakovec<br \/>KROATIEN<\/p>\n<p>Ust-IdNr. HR86966343765<span class=\"Apple-converted-space\">\u00a0<br \/><\/span>Tel: +385 99 67 67 235<br \/>Mail: hello@komad.com<span class=\"Apple-converted-space\">\u00a0<\/span><\/p>\n<p>[\/vc_column_text][\/vc_column][\/vc_row]<\/p>\n<\/div>","protected":false},"excerpt":{"rendered":"<p>[vc_row][vc_column][vc_column_text] Datenschutzerkl\u00e4rungWir freuen uns \u00fcber Ihr Interesse an unserer Website. Wer sind wir?Unsere Web Adresse ist https:\/\/komad.com Bei der Nutzung dieser Website k\u00f6nnen in einzelnen F\u00e4llen, die wir Ihnen nachstehend&hellip;<\/p>\n","protected":false},"author":2,"featured_media":0,"parent":0,"menu_order":0,"comment_status":"closed","ping_status":"open","template":"","meta":{"footnotes":""},"class_list":["post-18394","page","type-page","status-publish","hentry"],"_links":{"self":[{"href":"https:\/\/www.komad.com\/de\/wp-json\/wp\/v2\/pages\/18394","targetHints":{"allow":["GET"]}}],"collection":[{"href":"https:\/\/www.komad.com\/de\/wp-json\/wp\/v2\/pages"}],"about":[{"href":"https:\/\/www.komad.com\/de\/wp-json\/wp\/v2\/types\/page"}],"author":[{"embeddable":true,"href":"https:\/\/www.komad.com\/de\/wp-json\/wp\/v2\/users\/2"}],"replies":[{"embeddable":true,"href":"https:\/\/www.komad.com\/de\/wp-json\/wp\/v2\/comments?post=18394"}],"version-history":[{"count":3,"href":"https:\/\/www.komad.com\/de\/wp-json\/wp\/v2\/pages\/18394\/revisions"}],"predecessor-version":[{"id":18397,"href":"https:\/\/www.komad.com\/de\/wp-json\/wp\/v2\/pages\/18394\/revisions\/18397"}],"wp:attachment":[{"href":"https:\/\/www.komad.com\/de\/wp-json\/wp\/v2\/media?parent=18394"}],"curies":[{"name":"wp","href":"https:\/\/api.w.org\/{rel}","templated":true}]}}